 
 
 {"id":3813,"date":"2022-03-10T23:12:02","date_gmt":"2022-03-10T22:12:02","guid":{"rendered":"https:\/\/neu.agem.de\/agem\/executive-board\/"},"modified":"2024-03-11T10:22:48","modified_gmt":"2024-03-11T09:22:48","slug":"board","status":"publish","type":"page","link":"https:\/\/agem.de\/en\/agem\/board\/","title":{"rendered":"Board"},"content":{"rendered":"\n<p>The board of the AGEM con\u00adsists of sev\u00aden nat\u00adur\u00adal per\u00adsons who are full or hon\u00adorary mem\u00adbers. It con\u00adsists of the respec\u00adtive elect\u00aded chair\u00adman, the sec\u00adond chair\u00adman, the sec\u00adre\u00adtary and the trea\u00adsur\u00ader as well as three addi\u00adtion\u00adal full or hon\u00adorary mem\u00adbers as asses\u00adsors, who are co-opt\u00aded by the elect\u00aded four board mem\u00adbers. Accord\u00ading to the statutes, the board must include at least one physi\u00adcian and one ethnologist.<\/p>\n\n\n\n<p>The com\u00adpo\u00adsi\u00adtion of the board for the peri\u00adod from 2023 to 2025 is as follows<\/p>\n\n\n\n<div class=\"wp-block-group\"><div class=\"wp-block-group__inner-container is-layout-flow wp-block-group-is-layout-flow\">\n<p class=\"linie-oben\"><strong>Ehler Voss<\/strong>\n1. Chair\u00adman (since 2016)<\/p>\n\n\n<div class=\"wp-block-image\">\n<figure class=\"alignright size-full is-resized\"><img loading=\"lazy\" decoding=\"async\" width=\"275\" height=\"275\" src=\"https:\/\/agem.de\/wp-content\/uploads\/2022\/04\/EhlerVoss_275x275.jpg\" alt class=\"wp-image-3758\" style=\"width:200px;height:200px\"><\/figure>\n<\/div>\n\n\n<p>Ehler Voss stud\u00adied anthro\u00adpol\u00ado\u00adgy, phi\u00adlos\u00ado\u00adphy and Ger\u00adman lan\u00adguage and lit\u00ader\u00ada\u00adture stud\u00adies in Mar\u00adburg and Leipzig. He received his PhD at the Uni\u00adver\u00adsi\u00adty of Leipzig with an ethnog\u00adra\u00adphy on \u201eMedi\u00adu\u00admistic Heal\u00ading in Ger\u00admany\u201d. He then did research at the Uni\u00adver\u00adsi\u00adty of Siegen on the imma\u00adnen\u00adti\u00adza\u00adtion of spir\u00adi\u00adtu\u00adal effects with\u00adin the frame\u00adwork of the DFG research net\u00adwork \u201eSocial Inno\u00adva\u00adtion through the Non\u00adhege\u00admon\u00adic Pro\u00adduc\u00adtion of Knowl\u00adedge \u201d and spent a&nbsp;year as a&nbsp;vis\u00adit\u00ading schol\u00adar at Stan\u00adford Uni\u00adver\u00adsi\u00adty. From 2016\u201319, he worked as Sci\u00aden\u00adtif\u00adic Coor\u00addi\u00adna\u00adtor of the Col\u00adlab\u00ado\u00adra\u00adtive Research Cen\u00adter \u201eMedia of Coop\u00ader\u00ada\u00adtion\u201d at the Uni\u00adver\u00adsi\u00adty of Siegen. In 2018 he was vis\u00adit\u00ading pro\u00adfes\u00adsor for anthro\u00adpol\u00ado\u00adgy at the Johannes Guten\u00adberg-Uni\u00adver\u00adsi\u00adty Mainz and from 2019\u20132021 at the Uni\u00adver\u00adsi\u00adty of Bre\u00admen. He is chair of the Asso\u00adci\u00ada\u00adtion for Anthro\u00adpol\u00ado\u00adgy and Med\u00adi\u00adcine (AGEM), edi\u00adtor of Curare \u2013 Jour\u00adnal of Med\u00adical Anthro\u00adpol\u00ado\u00adgy and co-edi\u00adtor of boasblogs.org. He is cur\u00adrent\u00adly work\u00ading at the Uni\u00adver\u00adsi\u00adty of Siegen, Ger\u00admany, research\u00ading the knowl\u00adedge con\u00adtro\u00adver\u00adsy over the most appro\u00adpri\u00adate mea\u00adsures to con\u00adtain SARS-CoV\u00ad\u20112 in Germany<\/p>\n\n\n\n<p><a href=\"mailto:ehler.voss@uni-siegen.de\">ehler.voss@uni-siegen.de<\/a><\/p>\n<\/div><\/div>\n\n\n\n<div class=\"wp-block-group\"><div class=\"wp-block-group__inner-container is-layout-flow wp-block-group-is-layout-flow\">\n<p class=\"linie-oben\"><strong>Michi Knecht<\/strong> 2. Chair\u00adman (since 2023)<\/p>\n\n\n<div class=\"wp-block-image\">\n<figure class=\"alignright size-full is-resized\"><img loading=\"lazy\" decoding=\"async\" width=\"275\" height=\"275\" src=\"https:\/\/agem.de\/wp-content\/uploads\/2022\/04\/MichiKnecht_275.png\" alt class=\"wp-image-3764\" style=\"width:200px;height:200px\"><\/figure>\n<\/div>\n\n\n<p>Michi Knecht ist seit 2014 W3-Pro\u00adfes\u00adsorin f\u00fcr Eth\u00adnolo\u00adgie am Insti\u00adtut f\u00fcr Eth\u00adnolo\u00adgie und Kul\u00adtur\u00adwis\u00adsenschaft der Uni\u00adver\u00adsit\u00e4t Bre\u00admen. Nach dem Studi\u00adum der Eth\u00adnolo\u00adgie, Sozi\u00adolo\u00adgie, Psy\u00adcholo\u00adgie und Geschichte mag\u00adistri\u00aderte sie an der Uni\u00adver\u00adsit\u00e4t K\u00f6ln und pro\u00admovierte in Empirisch\u00ader Kul\u00adtur\u00adwis\u00adsenschaft und Eth\u00adnolo\u00adgie an der Eber\u00adhard-Karls-T\u00fcbin\u00adgen mit ein\u00ader empirischen Arbeit zu den poli\u00adtis\u00adchen, religi\u00f6sen und wis\u00adsenspro\u00adduzieren\u00adden Prak\u00adtiken der Lebenss\u00adchutzbe\u00adwe\u00adgung. Sie war wis\u00adsenschaftliche Mitar\u00adbei\u00adt\u00aderin am Lud\u00adwig-Uhland Insti\u00adtut f\u00fcr empirische Kul\u00adtur\u00adwis\u00adsenschaften, Hochschu\u00adlas\u00adsis\u00adtentin an der Hum\u00adboldt-Uni\u00adver\u00adsit\u00e4t, Ko-Pro\u00adjek\u00adtlei\u00adt\u00aderin im SFB 640, \u201eRepr\u00e4sen\u00adta\u00adtio\u00adnen sozialer Ord\u00adnung im Wan\u00addel \u2013 intertem\u00adpo\u00adrale und interkul\u00adturelle Ver\u00adgle\u00adiche\u201c und lehrte und forschte u.a. am Inter\u00adna\u00adtion\u00adal Grad\u00adu\u00adate Cen\u00adtre for the Study of Cul\u00adture der Uni\u00adver\u00adsit\u00e4t Gie\u00dfen und an den Uni\u00adver\u00adsit\u00e4ten Graz, Basel und Kadir-Has \/ Istan\u00adbul. Gemein\u00adsam mit Ste\u00adfan Beck, J\u00f6rg Niew\u00f6h\u00adn\u00ader und weit\u00aderen Kol\u00adlegin\u00adnen und Kol\u00adle\u00adgen baute sie am Insti\u00adtut f\u00fcr Europ\u00e4is\u00adche Eth\u00adnolo\u00adgie der HU das \u201eCol\u00adLab\u00ado\u00adra\u00adto\u00adry Social Anthro\u00adpol\u00ado\u00adgy and Life Sci\u00adences\u201c (heute: Labor f\u00fcr sozialan\u00adthro\u00adpol\u00ado\u00adgis\u00adche Wis\u00adsenschafts- und Tech\u00adnikforschung) auf. Ihre Habil\u00adi\u00adta\u00adtion an der Hum\u00adboldt-Uni\u00adver\u00adsit\u00e4t 2011 besch\u00e4ftigte sich mit ein\u00ader Kri\u00adtik des Inter\u00adpre\u00adta\u00adments der Medikalisierung und den Bedin\u00adgun\u00adgen ethno\u00adgraphis\u00adch\u00ader Wis\u00adsenspro\u00adduk\u00adtion im The\u00admen\u00adfeld assistieren\u00adder Repro\u00adduk\u00adtion\u00adstech\u00adnolo\u00adgien. Im Zen\u00adtrum ihrer gegen\u00adw\u00e4r\u00adti\u00adgen Forschun\u00adgen ste\u00adhen Fra\u00adgen nach Neu-Ord\u00adnun\u00adgen des Sozialen an den Schnittstellen von Poli\u00adtik, Wis\u00adsenschaft, Tech\u00adnolo\u00adgie und glob\u00adalen Ver\u00adflech\u00adtun\u00adgen und Asym\u00adme\u00adtrien sowie nach den Verbindun\u00adgen zwis\u00adchen wis\u00adsenschaftlichen Prak\u00adtiken und gesellschaftlichen Prozessen. Aktuelle Pro\u00adjek\u00adte besch\u00e4ftigten sich mit Fam\u00adi\u00adlien\u00adtech\u00adnolo\u00adgien, Gesund\u00adheit und \u201ewel\u00adfare-brico\u00adlage\u201c in super\u00addivers-urba\u00adnen Nach\u00adbarschaften, dem Umbruch von Anonymit\u00e4t\u00adsreg\u00adime\u00adnen, Wis\u00adsensprak\u00adtiken des Meeres und Prozessen einer(Bio)\u00d6konomisierung von Repro\u00adduk\u00adtion. An der Uni\u00adver\u00adsit\u00e4t Bre\u00admen baut Michi Knecht gemein\u00adsam mit Friederike Gesing und Michael Flit\u00adner das \u201eBre\u00admen NatureCul\u00adtures-Lab\u201c auf. Gemein\u00adsam mit Ingo H. Warnke ist sie seit April 2108 Sprecherin der geistes\u2011, kul\u00adtur- und sozial\u00adwis\u00adsenschaftlichen Forschungsplat\u00adtform \u201eWorlds of Con\u00adtra\u00addic\u00adtion\u201c (WoC).<\/p>\n\n\n\n<p><a href=\"mailto:knecht@uni-bremen.de\">knecht@uni-bremen.de<\/a><\/p>\n\n\n\n<p><a href=\"http:\/\/www.kultur.uni-bremen.de\/de\/personen\/alphabetische-liste\/detail\/knecht.html\" target=\"_blank\" rel=\"noreferrer noopener\">Web\u00adseite<\/a><\/p>\n<\/div><\/div>\n\n\n\n<div class=\"wp-block-group\"><div class=\"wp-block-group__inner-container is-layout-flow wp-block-group-is-layout-flow\">\n<p class=\"linie-oben\"><strong>Clemens Eisen\u00admann<\/strong>\nPro\u00adto\u00adcoller&nbsp;(since 2018)<\/p>\n\n\n<div class=\"wp-block-image\">\n<figure class=\"alignright size-full\"><img decoding=\"async\" src=\"https:\/\/agem.de\/wp-content\/uploads\/2022\/05\/PhotoClemensEisenmann-SchwarzWeiss-e1652216542943.jpg\" alt class=\"wp-image-4226\"><\/figure>\n<\/div>\n\n\n<p>Clemens Eisen\u00admann, Dr. phil, Jg. 1981, wis\u00adsenschaftlich\u00ader Mitar\u00adbeit\u00ader im Bere\u00adich \u201cAll\u00adge\u00admeine Sozi\u00adolo\u00adgie und Kul\u00adtur\u00adsozi\u00adolo\u00adgie\u201d an der Uni\u00adver\u00adsit\u00e4t Kon\u00adstanz und wis\u00adsenschaftlich\u00ader Mitar\u00adbeit\u00ader im SFB-1187: \u201cMedi\u00aden der Koop\u00ader\u00ada\u00adtion\u201d an der Uni\u00adver\u00adsit\u00e4t Siegen. In sein\u00ader Dis\u00adser\u00adta\u00adtion an der \u201cBiele\u00adfeld Grad\u00adu\u00adate School in His\u00adto\u00adry and Soci\u00adol\u00ado\u00adgy\u201d hat er Spir\u00adi\u00adtu\u00adal\u00adit\u00e4t im gegen\u00adw\u00e4r\u00adti\u00adgen Yoga als eine soziale Prax\u00adis erforscht. Er studierte Sozi\u00adolo\u00adgie, Philoso\u00adphie und Psy\u00adcholo\u00adgie an der Uni\u00adver\u00adsit\u00e4t Augs\u00adburg. An der Uni\u00adver\u00adsit\u00e4t Biele\u00adfeld unter\u00adrichtete er in den Bere\u00adichen sozi\u00adol\u00ado\u00adgis\u00adche The\u00ado\u00adrie und qual\u00adi\u00adta\u00adtive Meth\u00ado\u00add\u00aden. Seine Inter\u00adessen\u00adschw\u00ader\u00adpunk\u00adte umfassen fern\u00ader Arzt-Patien\u00adten-Inter\u00adak\u00adtion, Psy\u00adchother\u00ada\u00adpie, alter\u00adna\u00adtive Heil\u00admeth\u00ado\u00add\u00aden sowie Kind\u00adheits- und Medi\u00aden\u00adforschung. Er wurde 2016 in den AGEM-Vor\u00adstand kooptiert.<\/p>\n\n\n\n<p><a href=\"mailto:clemens.eisenmann@uni-siegen.de\">clemens.eisenmann@uni-konstanz.de<\/a><\/p>\n<\/div><\/div>\n\n\n\n<div class=\"wp-block-group\"><div class=\"wp-block-group__inner-container is-layout-flow wp-block-group-is-layout-flow\">\n<p class=\"linie-oben\"><strong>M\u00e1r\u00adcio Vilar<\/strong> Trea\u00adsur\u00ader (since 2023)<\/p>\n\n\n<div class=\"wp-block-image\">\n<figure class=\"alignright size-full is-resized\"><img loading=\"lazy\" decoding=\"async\" width=\"2045\" height=\"2045\" src=\"https:\/\/agem.de\/wp-content\/uploads\/2024\/01\/MVilar_Profilbild_AGEM_homepage-2.jpg\" alt class=\"wp-image-5181\" style=\"width:200px;height:200px\" srcset=\"https:\/\/agem.de\/wp-content\/uploads\/2024\/01\/MVilar_Profilbild_AGEM_homepage-2.jpg 2045w, https:\/\/agem.de\/wp-content\/uploads\/2024\/01\/MVilar_Profilbild_AGEM_homepage-2-768x768.jpg 768w, https:\/\/agem.de\/wp-content\/uploads\/2024\/01\/MVilar_Profilbild_AGEM_homepage-2-1536x1536.jpg 1536w\" sizes=\"auto, (max-width: 2045px) 100vw, 2045px\"><\/figure>\n<\/div>\n\n\n<p>M\u00e1r\u00adcio Vilar, Dr phil., is an anthro\u00adpol\u00ado\u00adgist and research\u00ades the man\u00adi\u00adfold effects of biotech\u00adno\u00adlog\u00adi\u00adcal inno\u00adva\u00adtions for the treat\u00adment of autoim\u00admune dis\u00adeases, espe\u00adcial\u00adly in the field of life sci\u00adences. Since Octo\u00adber 2023, he has been a&nbsp;lec\u00adtur\u00ader at the Insti\u00adtute for Social and Cul\u00adtur\u00adal Anthro\u00adpol\u00ado\u00adgy at Freie Uni\u00adver\u00adsit\u00e4t Berlin. Between 2019 and 2023, he con\u00adduct\u00aded his own DFG research project on \u201eCon\u00adtest\u00aded Legit\u00adi\u00adma\u00adcy of Regen\u00ader\u00ada\u00adtive ver\u00adsus Estab\u00adlished Bio\u00admed\u00adi\u00adcine in Brazil: On the Cir\u00adcu\u00adla\u00adtion and Co-Reg\u00adu\u00adla\u00adtion of Immunos\u00adtim\u00adu\u00adla\u00adto\u00adry Ther\u00ada\u00adpies for Autoim\u00admune Dis\u00adeases\u201c (project 419940268) as a&nbsp;research assis\u00adtant in the research group \u201eBiotech\u00adnolo\u00adgies, Nature and Soci\u00adety\u201c at the Insti\u00adtute of Soci\u00adol\u00ado\u00adgy at Goethe Uni\u00adver\u00adsi\u00adty Frank\u00adfurt. Before and after com\u00adplet\u00ading his PhD in Anthro\u00adpol\u00ado\u00adgy at the Uni\u00adver\u00adsi\u00adty of Leipzig, he spent six months as a&nbsp;vis\u00adit\u00ading researcher at the Depart\u00adment of Anthro\u00adpol\u00ado\u00adgy at the Uni\u00adver\u00adsi\u00adty of Sus\u00adsex with the help of a&nbsp;post\u00addoc\u00adtor\u00adal schol\u00adar\u00adship from the DAAD. M\u00e1r\u00adcio com\u00adplet\u00aded his Bach\u00ade\u00adlor\u2019s degree in Social Sci\u00adences with a&nbsp;spe\u00adcial\u00adi\u00adsa\u00adtion in Soci\u00adol\u00ado\u00adgy at the Fed\u00ader\u00adal Uni\u00adver\u00adsi\u00adty of Para\u00ed\u00adba (UFPb) and his Mas\u00adter\u2019s degree in Soci\u00adol\u00ado\u00adgy and Anthro\u00adpol\u00ado\u00adgy at the Fed\u00ader\u00adal Uni\u00adver\u00adsi\u00adty of Rio de Janeiro (UFRJ), where he stud\u00adied as a&nbsp;CNPq and CAPES schol\u00adar\u00adship holder.<\/p>\n\n\n\n<p><a href=\"mailto:m.cunha.vilar@fu-berlin.de\">m.cunha.vilar@fu-berlin.de<\/a><\/p>\n\n\n\n<p><\/p>\n<\/div><\/div>\n\n\n\n<h3 class=\"wp-block-heading\">Co-opted members of the Executive Board<\/h3>\n\n\n\n<div class=\"wp-block-group\"><div class=\"wp-block-group__inner-container is-layout-flow wp-block-group-is-layout-flow\">\n<p class=\"linie-oben\"><strong>Ste\u00adfan Reinsch<\/strong><\/p>\n\n\n<div class=\"wp-block-image\">\n<figure class=\"alignright size-full is-resized\"><img loading=\"lazy\" decoding=\"async\" width=\"275\" height=\"275\" src=\"https:\/\/agem.de\/wp-content\/uploads\/2022\/04\/StefanReinsch_275x275.jpg\" alt class=\"wp-image-3757\" style=\"width:200px;height:200px\"><\/figure>\n<\/div>\n\n\n<p>Ste\u00adfan Rein\u00adsch ist Medi\u00adzineth\u00adnologe und Kinder\u00adarzt. Am Insti\u00adtut f\u00fcr Medi\u00adzingeschichte und Wis\u00adsenschafts\u00adforschung der Uni\u00adver\u00adsit\u00e4t zu L\u00fcbeck erforscht er, als Teil eines mul\u00adti\u00addiszi\u00adplin\u00e4ren Teams, die Bedeu\u00adtun\u00adgen und Prax\u00aden der nicht-inva\u00adsiv\u00aden pr\u00e4\u00adna\u00adtal\u00aden genetis\u00adchen Diag\u00adnos\u00adtik in Deutsch\u00adland und Israel. Zuvor war er klin\u00adisch an der Charit\u00e9\u2013Universit\u00e4tsmedizin Berlin und als Post\u00addoc am CERMES3 \u2013 Cen\u00adtrede Recherche M\u00e9decine, Sci\u00adences, San\u00adt\u00e9, San\u00adt\u00e9\u00admen\u00adtale et Soci\u00e9t\u00e9, Paris t\u00e4tig. In Paris erforschte er die Ver\u00adflech\u00adtung von klin\u00adis\u00adch\u00ader und wis\u00adsenschaftlich\u00ader Arbeit in den Ver\u00adhand\u00adlun\u00adgen um die Schwellen\u00addi\u00adag\u00adnose \u201eRisikozu\u00ads\u00adtand f\u00fcr Schiz\u00ado\u00adphre\u00adnie-Entwick\u00adlung\u201c im deutsch- und franz\u00f6\u00adsis\u00adchsprachi\u00adgen Raum. Nach ein\u00ader Aus\u00adbil\u00addung zum Ret\u00adtungssan\u00adit\u00e4ter Studi\u00adum der Medi\u00adzin und Europ\u00e4is\u00adchen Eth\u00adnolo\u00adgie. Pro\u00admo\u00adtion zum Dr. med. an der Char\u00adit\u00e9 (2013) und M.A. in Europ\u00e4is\u00adch\u00ader Eth\u00adnolo\u00adgie an der Hum\u00adboldt-Uni\u00adver\u00adsit\u00e4t (2018) mit ein\u00ader Langzeit\u00adethno\u00adgra\u00adphie \u00fcber die \u00d6kolo\u00adgie der Sorge und Ver\u00adsorgung ein\u00ader Gemein\u00adschaft, die mit Muko\u00adviszi\u00addose, ein\u00ader sel\u00adte\u00adnen chro\u00adnis\u00adchen Erkrankung, lebt und arbeitet.<\/p>\n\n\n\n<p><a href=\"mailto:stefan.reinsch@gmail.com\">stefan.reinsch@gmail.com<\/a><\/p>\n<\/div><\/div>\n\n\n\n<div class=\"wp-block-group\"><div class=\"wp-block-group__inner-container is-layout-flow wp-block-group-is-layout-flow\">\n<p class=\"linie-oben\"><strong>Anni\u00adka Strauss<\/strong><\/p>\n\n\n<div class=\"wp-block-image\">\n<figure class=\"alignright size-full is-resized\"><img loading=\"lazy\" decoding=\"async\" width=\"275\" height=\"275\" src=\"https:\/\/agem.de\/wp-content\/uploads\/2022\/04\/AnnikaStrauss_275x275.jpg\" alt class=\"wp-image-3752\" style=\"width:200px;height:200px\"><\/figure>\n<\/div>\n\n\n<p>Anni\u00adka Strauss&nbsp; M. A. ist seit Sep\u00adtem\u00adber 2012 Wis\u00adsenschaftliche Mitar\u00adbei\u00adt\u00aderin am Insti\u00adtut f\u00fcr Eth\u00adnolo\u00adgie der West\u00adf\u00e4lis\u00adchen Wil\u00adhelms-Uni\u00adver\u00adsit\u00e4t M\u00fcn\u00adster. Sie arbeit\u00adet zurzeit an der Fer\u00adtig\u00adstel\u00adlung ihrer Dis\u00adser\u00adta\u00adtion zu dem The\u00adma \u201ePsy\u00adchi\u00adatric&nbsp;Con\u00adstruc\u00adtions&nbsp;of Real\u00adi\u00adty \u2013 Nar\u00adra\u00adtives from Men\u00adtal Hos\u00adpi\u00adtals in Mum\u00adbai, India\u201c. Ihre Inter\u00ades\u00adsen\u00adge\u00adbi\u00adete umfassen die Sozialan\u00adthro\u00adpolo\u00adgie der Psy\u00adchi\u00ada\u00adtrie, Geschlechter\u00adforschung, Organ\u00adi\u00adsa\u00adtion\u00adsan\u00adthro\u00adpolo\u00adgie, method\u00adol\u00ado\u00adgis\u00adche Selb\u00adst-Reflex\u00adion in der Feld\u00adforschung sowie das Ler\u00adnen und Lehren in der Sozialanthropologie.<\/p>\n\n\n\n<p><a href=\"mailto:annika.strauss@uni-muenster.de\">annika.strauss@uni-muenster.de<\/a><\/p>\n<\/div><\/div>\n\n\n\n<div class=\"wp-block-group\"><div class=\"wp-block-group__inner-container is-layout-flow wp-block-group-is-layout-flow\">\n<p class=\"linie-oben\"><strong>Mirko Uhlig<\/strong><\/p>\n\n\n<div class=\"wp-block-image\">\n<figure class=\"alignright size-full is-resized\"><img loading=\"lazy\" decoding=\"async\" width=\"275\" height=\"275\" src=\"https:\/\/agem.de\/wp-content\/uploads\/2022\/04\/MirkoUhlig_275x275.jpg\" alt class=\"wp-image-3756\" style=\"width:200px;height:200px\"><\/figure>\n<\/div>\n\n\n<p>Mirko Uhlig, Prof. Dr. phil., studierte von 2001 bis 2008 die F\u00e4ch\u00ader Volk\u00adskunde, Eth\u00adnolo\u00adgie sowie Verfassungs\u2011, Sozial- und Wirtschafts\u00adgeschichte an der Rheinis\u00adchen Friedrich-Wil\u00adhelms-Uni\u00adver\u00adsit\u00e4t Bonn. Danach absolvierte er von 2008 bis 2010 ein wis\u00adsenschaftlich\u00ades Volon\u00adtari\u00adat am LVR-Insti\u00adtut f\u00fcr Lan\u00addeskunde und Region\u00adalgeschichte in Bonn. Im Rah\u00admen des DFG-Pro\u00adjek\u00adts \u201eSin\u00adnen\u00adtw\u00fcrfe in prek\u00e4ren Lebensla\u00adgen\u201c f\u00fchrte er eine Feld\u00adforschung zum The\u00adma Gegen\u00adwartss\u00adchaman\u00adis\u00admus in der Eifel durch und wurde 2015 im Fach Kulturanthropologie\/Volkskunde an der Johannes Guten\u00adberg-Uni\u00adver\u00adsit\u00e4t Mainz pro\u00admoviert. Dort forscht und lehrt er seit 2016 als Junior\u00adpro\u00adfes\u00adsor u.a. zu den The\u00admen Reen\u00adact\u00adment und Erin\u00adnerungskul\u00adtur, Spir\u00adi\u00adtu\u00adal\u00adit\u00e4t und Reli\u00adgiosit\u00e4t im All\u00adt\u00adag, Gesund\u00adheit und Kul\u00adtur, Recht\u00adsan\u00adthro\u00adpolo\u00adgie sowie Meth\u00ado\u00add\u00aden der Feldforschung.<\/p>\n\n\n\n<p><a href=\"mailto:uhlig@uni-mainz.de\">uhlig@uni-mainz.de<\/a><\/p>\n<\/div><\/div>\n","protected":false},"excerpt":{"rendered":"<p>The board of the AGEM con\u00adsists of sev\u00aden nat\u00adur\u00adal per\u00adsons who are full or hon\u00adorary mem\u00adbers. It con\u00adsists of the respec\u00adtive elect\u00aded chair\u00adman, the second&nbsp;\u2026&nbsp;<\/p>\n<p class=\"read-more-container\"><a title=\"Board\" class=\"read-more button\" href=\"https:\/\/agem.de\/en\/agem\/board\/#more-3813\" aria-label=\"Read more about Board\">Weit\u00ader\u00adlesen<\/a><\/p>\n","protected":false},"author":1,"featured_media":0,"parent":3807,"menu_order":2,"comment_status":"closed","ping_status":"closed","template":"","meta":{"_acf_changed":false,"wp_typography_post_enhancements_disabled":false,"footnotes":""},"class_list":["post-3813","page","type-page","status-publish"],"acf":[],"_links":{"self":[{"href":"https:\/\/agem.de\/en\/wp-json\/wp\/v2\/pages\/3813","targetHints":{"allow":["GET"]}}],"collection":[{"href":"https:\/\/agem.de\/en\/wp-json\/wp\/v2\/pages"}],"about":[{"href":"https:\/\/agem.de\/en\/wp-json\/wp\/v2\/types\/page"}],"author":[{"embeddable":true,"href":"https:\/\/agem.de\/en\/wp-json\/wp\/v2\/users\/1"}],"replies":[{"embeddable":true,"href":"https:\/\/agem.de\/en\/wp-json\/wp\/v2\/comments?post=3813"}],"version-history":[{"count":20,"href":"https:\/\/agem.de\/en\/wp-json\/wp\/v2\/pages\/3813\/revisions"}],"predecessor-version":[{"id":5278,"href":"https:\/\/agem.de\/en\/wp-json\/wp\/v2\/pages\/3813\/revisions\/5278"}],"up":[{"embeddable":true,"href":"https:\/\/agem.de\/en\/wp-json\/wp\/v2\/pages\/3807"}],"wp:attachment":[{"href":"https:\/\/agem.de\/en\/wp-json\/wp\/v2\/media?parent=3813"}],"curies":[{"name":"wp","href":"https:\/\/api.w.org\/{rel}","templated":true}]}}