 
 
 {"id":4193,"date":"2022-05-10T21:58:55","date_gmt":"2022-05-10T19:58:55","guid":{"rendered":"https:\/\/neu.agem.de\/agem\/partner\/"},"modified":"2024-11-16T18:59:06","modified_gmt":"2024-11-16T17:59:06","slug":"partner","status":"publish","type":"page","link":"https:\/\/agem.de\/en\/agem\/partner\/","title":{"rendered":"Partners"},"content":{"rendered":"\n<p><strong>AG Med\u00adical Anthro\u00adpol\u00ado\u00adgy in der DGSKA<br><\/strong><a href=\"http:\/\/www.medicalanthropology.de\/\" target=\"_blank\" rel=\"noreferrer noopener\">http:\/\/www.medicalanthropology.de\/<\/a><\/p>\n\n\n\n<p><strong>AMIKO \u2013 Insti\u00adtut f\u00fcr Migra\u00adtion, Kul\u00adtur und Gesund\u00adheit<br><\/strong><a href=\"https:\/\/www.amiko-institut.de\" target=\"_blank\" rel=\"noreferrer noopener\">https:\/\/www.amiko-institut.de<\/a><\/p>\n\n\n\n<p><strong>Eth\u00adno\u00adbi\u00adol\u00ado\u00adgy-Net\u00adwork-Switzer\u00adland<br><\/strong><a rel=\"noreferrer noopener\" href=\"http:\/\/www.ethnobiology.ch\/de\/links\/links.html\" target=\"_blank\">http:\/\/www.ethnobiology.ch\/de\/links\/links.html<\/a><\/p>\n\n\n\n<p><strong>FIDE \u2013 AG Frauenge\u00adsund\u00adheit in der inter\u00adna\u00adtionalen Entwick\u00adlungszusam\u00adme\u00adnar\u00adbeit<br><\/strong><a href=\"https:\/\/www.ag-fide.de\">https:\/\/www.ag-fide.org<\/a><\/p>\n\n\n\n<p><strong>GfG \u2013 Gesellschaft f\u00fcr Geburtsvor\u00adbere\u00aditung \u2013 Fam\u00adi\u00adlien\u00adbil\u00addung und Frauenge\u00adsund\u00adheit \u2013 Bun\u00addesver\u00adband<br><\/strong><a href=\"https:\/\/www.gfg-bv.de\">https:\/\/ww<\/a><a rel=\"noreferrer noopener\" href=\"https:\/\/www.gfg-bv.de\" target=\"_blank\">w<\/a><a href=\"https:\/\/www.gfg-bv.de\">.gfg-bv.de<\/a><\/p>\n\n\n\n<p><strong>GOING INTERNATIONAL<br><\/strong><a href=\"https:\/\/www.goinginternational.eu\/de\/NN\" target=\"_blank\" rel=\"noreferrer noopener\">https:\/\/www.goinginternational.eu\/de\/NN<\/a><\/p>\n\n\n\n<p><strong>ISE \u2013 Inter\u00adna\u00adtion\u00adal Soci\u00adety of Ethnophar\u00adma\u00adcol\u00ado\u00adgy<br><\/strong><a rel=\"noreferrer noopener\" href=\"http:\/\/www.ethnopharmacology.org\" target=\"_blank\">http:\/\/www.ethnopharmacology.org<\/a><br><br><strong>\u00d6EG \u2013 \u00d6ster\u00adre\u00adichis\u00adche eth\u00adnomedi\u00adzinis\u00adche Gesellschaft <\/strong><br><a href=\"https:\/\/www.ethnomedicine.at\/\">https:\/\/www.ethnomedicine.at\/<\/a><\/p>\n\n\n\n<p><strong>SFE \u2013 Soci\u00e9t\u00e9 fran\u00e7aise d\u2019ethnophar\u00adma\u00adcolo\u00adgie<br><\/strong><a rel=\"noreferrer noopener\" href=\"http:\/\/www.ethnopharmacologia.org\/liens-externes\/\" target=\"_blank\">http:\/\/www.ethnopharmacologia.org\/liens-externes\/<\/a><\/p>\n","protected":false},"excerpt":{"rendered":"<p>AG Med\u00adical Anthro\u00adpol\u00ado\u00adgy in der DGSKAhttp:\/\/www.medicalanthropology.de\/ AMIKO \u2013 Insti\u00adtut f\u00fcr Migra\u00adtion, Kul\u00adtur und Gesund\u00adheithttps:\/\/www.amiko-institut.de Eth\u00adno\u00adbi\u00adol\u00ado\u00adgy-Net\u00adwork-Switzer\u00adlandhttp:\/\/www.ethnobiology.ch\/de\/links\/links.html FIDE \u2013 AG Frauenge\u00adsund\u00adheit in der inter\u00adna\u00adtionalen Entwick\u00adlungszusam\u00adme\u00adnar\u00adbeithttps:\/\/www.ag-fide.org GfG&nbsp;\u2013&nbsp;\u2026&nbsp;<\/p>\n<p class=\"read-more-container\"><a title=\"Partners\" class=\"read-more button\" href=\"https:\/\/agem.de\/en\/agem\/partner\/#more-4193\" aria-label=\"Read more about Partners\">Weit\u00ader\u00adlesen<\/a><\/p>\n","protected":false},"author":1,"featured_media":0,"parent":3807,"menu_order":6,"comment_status":"closed","ping_status":"closed","template":"","meta":{"_acf_changed":false,"wp_typography_post_enhancements_disabled":false,"footnotes":""},"class_list":["post-4193","page","type-page","status-publish"],"acf":[],"_links":{"self":[{"href":"https:\/\/agem.de\/en\/wp-json\/wp\/v2\/pages\/4193","targetHints":{"allow":["GET"]}}],"collection":[{"href":"https:\/\/agem.de\/en\/wp-json\/wp\/v2\/pages"}],"about":[{"href":"https:\/\/agem.de\/en\/wp-json\/wp\/v2\/types\/page"}],"author":[{"embeddable":true,"href":"https:\/\/agem.de\/en\/wp-json\/wp\/v2\/users\/1"}],"replies":[{"embeddable":true,"href":"https:\/\/agem.de\/en\/wp-json\/wp\/v2\/comments?post=4193"}],"version-history":[{"count":19,"href":"https:\/\/agem.de\/en\/wp-json\/wp\/v2\/pages\/4193\/revisions"}],"predecessor-version":[{"id":5578,"href":"https:\/\/agem.de\/en\/wp-json\/wp\/v2\/pages\/4193\/revisions\/5578"}],"up":[{"embeddable":true,"href":"https:\/\/agem.de\/en\/wp-json\/wp\/v2\/pages\/3807"}],"wp:attachment":[{"href":"https:\/\/agem.de\/en\/wp-json\/wp\/v2\/media?parent=4193"}],"curies":[{"name":"wp","href":"https:\/\/api.w.org\/{rel}","templated":true}]}}